{"id":1332,"date":"2024-12-11T17:00:08","date_gmt":"2024-12-11T16:00:08","guid":{"rendered":"https:\/\/staging.solarif.com\/?page_id=1332"},"modified":"2025-03-09T19:11:07","modified_gmt":"2025-03-09T18:11:07","slug":"pv-prestatieverzekering","status":"publish","type":"page","link":"https:\/\/solarif.com\/nl\/pv-performance-cover\/","title":{"rendered":"PV Prestatieverzekering"},"content":{"rendered":"<section class=\"hero\">\n    <div class=\"boxed\">\n        <div class=\"content\">\n                            <h1> PV Prestatieverzekering<\/h1>\n                                        <p><strong>Bescherm het rendement van jouw zonnepark!<\/strong><\/p>\n<p>Waarom jouw investeringsrendement in een zonnepark op het spel zetten? Kies voor zekerheid en stabiliteit. Ontdek hoe de PV Prestatieverzekering jouw rendement kan beschermen tegen onderprestaties en storingen.<\/p>\n<p>Als investeerder in zonneparken wil je dat jouw zonnepark optimaal presteert. Met deze verzekering dek je de risico's af van verminderde opbrengsten, storingen en onvoorziene onderbrekingen.<\/p>\n                                        <div class=\"btn-group\">\n                    \t\t\t\t\t\t\t\t<a href=\"\/nl\/contact\/\"\n\t\t\t\t\t\t\t\t   class=\"btn btn-primary\"\n\t\t\t\t\t\t\t\t   >\n\t\t\t\t\t\t\t\t   Rendement veiligstellen? Neem vandaag contact met ons op!\t\t\t\t\t\t\t\t<\/a>\n\t\t\t\t\t\t\t                <\/div>\n                    <\/div>\n        <div class=\"media\">\n                            <img decoding=\"async\" src=\"https:\/\/solarif.com\/wp-content\/uploads\/2025\/02\/DJI_0275-scaled-e1739087686443.jpg\" alt=\"Solarif - Grootschalig utiliteitszonnepark\">\n                    <\/div>\n    <\/div>\n<\/section>\n\n\n<section class=\"text-media default bg-default\">\n    <div class=\"boxed\">\n        <div class=\"media\">\n                            <div class=\"image no-cut\">\n                    <img decoding=\"async\" src=\"https:\/\/solarif.com\/wp-content\/uploads\/2025\/01\/Branderwal-luchtfoto-dec.-2023-scaled.jpg\" alt=\"Solarif - Zonnepark Branderwal - Luchtfoto - dec. 2023\">\n                <\/div>\n                                <\/div>\n                    <div class=\"content\">\n                                    <div class=\"item\">\n                                                                            <h2 class=\"\">Wat is een PV Prestatieverzekering?<\/h2>\n                        \n                                                    <p>Een PV Prestatieverzekering biedt jou als investeerder, eigenaar of exploitant bescherming tegen financi\u00eble verliezen wanneer jouw zonnepark ondermaats presteert. Deze gespecialiseerde dekking beschermt je tegen financi\u00eble verliezen die voortkomen uit onderprestaties, technische defecten of storingen die geen verband houden met materi\u00eble schade.<\/p>\n<p>Voor materi\u00eble schade biedt een <a href=\"https:\/\/solarif.com\/nl\/zonnepaneel-allriskverzekering\/\"><strong>Solarif Zonnepanelen Verzekering<\/strong><\/a> dekking. Door de PV Prestatieverzekering  te combineren met de zonnepaneel- verzekering cre\u00eber je een uitgebreide bescherming dat ervoor zorgt dat je investering veilig en winstgevend blijft.<\/p>\n                        \n                                                                    <\/div>\n                            <\/div>\n            <\/div>\n<\/section>\n\n\n\n<section class=\"text-media flipped bg-default\">\n    <div class=\"boxed\">\n        <div class=\"media\">\n                            <div class=\"image no-cut\">\n                    <img decoding=\"async\" src=\"https:\/\/solarif.com\/wp-content\/uploads\/2025\/02\/DJI_0330-scaled.jpg\" alt=\"Solarif - Zonnepark AVRI, Geldermalsen\">\n                <\/div>\n                                <\/div>\n                    <div class=\"content\">\n                                    <div class=\"item\">\n                                                                            <h2 class=\"\">Wat kan onderprestatie veroorzaken?<\/h2>\n                        \n                                                    <p><span style=\"font-weight: 400\">Hieronder staan enkele veelvoorkomende oorzaken van onderprestatie:<\/span><\/p>\n                        \n                                                    <ul class=\"list-with-icon  style-default-icon\">\n                                                                    <li>Defecte of slecht werkende zonnepanelen of omvormers<\/li>\n                                                                    <li>Onvoldoende onderhoud<\/li>\n                                                                    <li>Slechte installatiewerkzaamheden<\/li>\n                                                                    <li>Onvoldoende zonlicht<\/li>\n                                                                    <li>Fouten in het ontwerp<\/li>\n                                                            <\/ul>\n                                                                    <\/div>\n                            <\/div>\n            <\/div>\n<\/section>\n\n\n\n<section class=\"free-columns\">\n    <div class=\"boxed\">\n                <div class=\"columns count-2\">\n                                                <div class=\"column\">\n                                                <h2>De 5 Belangrijkste Voordelen van een PV Prestatieverzekering:<\/h2>\n                        <p><strong>Betere financieringsvoorwaarden<br \/>\n<\/strong>De verzekering garandeert prestaties en beperkt technische risico\u2019s waardoor je project aantrekkelijker wordt voor financiers. Dit kan leiden tot betere leningsvoorwaarden, lagere kosten en een hoger rendement.<\/p>\n<p><strong>Risicobeperking<br \/>\n<\/strong>De verzekering dekt de benodigde kosten van reparaties, vervangingen of andere noodzakelijke acties in verband met defecte onderdelen, slechte materialen, slechte technische praktijken en onvoldoende onderhoud, zodat jouw zonnepark effici\u00ebnt blijft werken.<\/p>\n                    <\/div>\n                                                    <div class=\"column\">\n                                                <h2><\/h2>\n                        <p><strong>Investeringszekerheid<br \/>\n<\/strong>De verzekering dekt je gemiste inkomsten als gevolg van achter- blijvende prestaties of defecten, en verzekert je van het verwachte rendement.<\/p>\n<p><strong>Langdurige Dekking<br \/>\n<\/strong>Je krijgt een langdurige, niet-opzegbare dekking die aansluit bij de levensduur van je project, doorgaans tot 15 jaar, zodat je gedurende de hele looptijd zekerheid hebt.<\/p>\n<p><strong>Maximaal rendement<br \/>\n<\/strong>Je zorgt ervoor dat jouw zonnepark de verwachte output levert gedurende zijn gehele levensduur. Deze verzekering beschermt jouw cashflow, zodat je je financi\u00eble rendementen behaalt.<\/p>\n                    <\/div>\n                                    <\/div>\n    <\/div>\n<\/section>\n\n\n<section class=\"text-media default bg-soft-orange\">\n    <div class=\"boxed\">\n        <div class=\"media\">\n                            <div class=\"image no-cut\">\n                    <img decoding=\"async\" src=\"https:\/\/solarif.com\/wp-content\/uploads\/2024\/12\/DJI_0108-scaled.jpg\" alt=\"Zon &amp; Wind, Zonnepark Rilland, Nederland\">\n                <\/div>\n                                <\/div>\n                    <div class=\"content\">\n                                    <div class=\"item\">\n                                                                            <h2 class=\"\">Voor wie is een PV Prestatie- verzekering interessant?<\/h2>\n                        \n                                                    <ul>\n<li><b>Projectontwikkelaars<br \/>\n<\/b>Betere financieringsmogelijkheden en gunstigere voorwaarden dankzij lagere prestatierisico\u2019s.<\/li>\n<li><b>Investeerders<br \/>\n<\/b>Beschermt de investering optimaal en maximaliseert het rendement door ervoor te zorgen dat je zonnepark op de lange termijn presteert zoals verwacht.<\/li>\n<li><b>EPC's \/ Aannemers<br \/>\n<\/b>Vermijd financi\u00eble aansprakelijkheden die kunnen ontstaan door onderprestatie.<\/li>\n<li><b>Asset Managers<br \/>\n<\/b>Behoud de waarde en operationele effici\u00ebntie door bescherming te bieden tegen prestatieproblemen.<\/li>\n<\/ul>\n                        \n                                                                    <\/div>\n                            <\/div>\n            <\/div>\n<\/section>\n\n\n\n<section class=\"free-columns\">\n    <div class=\"boxed\">\n                <div class=\"columns count-2\">\n                                                <div class=\"column\">\n                                                <h2>Hoe werkt het aanvraagproces voor een PV Prestatieverzekering? <\/h2>\n                        <p><span style=\"font-weight: 400;\">Het proces is eenvoudig en duidelijk:<\/span><b><\/b><\/p>\n<p><b>Initi\u00eble Risicobeoordeling<br \/>\n<\/b>We starten met een uitgebreide beoordeling van jouw project, inclusief de gebruikte technologie, contracten, leveranciers en financi\u00eble verwachtingen.<\/p>\n<p><b>Niet-bindende Indicatie (NBI)<br \/>\n<\/b>Op basis van de risicobeoordeling verstrekt de verzekeraar een niet-bindende indicatie van de dekkingsopties af, inclusief eigen risico's, polislimieten en een schatting van de premie.<\/p>\n                    <\/div>\n                                                    <div class=\"column has-buttons\">\n                                                <h2><\/h2>\n                        <p><b>Intentieverklaring (LOI)<br \/>\n<\/b>Zodra je besluit verder te gaan, wordt de NBI omgezet in een Intentieverklaring, waarin meer gedetailleerde voorwaarden worden beschreven. Vervolgens begint het acceptatieproces.<\/p>\n<p><b>Bindend Aanbod<br \/>\n<\/b>Na een grondige beoordeling en onderzoek krijg je een definitief aanbod met alle voorwaarden, details en de structuur van de polis.<\/p>\n<p><b>Uitvoering van de Polis<br \/>\n<\/b>De laatste stappen zijn het onderhandelen over de polistaal, de uitgifte van de polis, en de betaling van de premie, zodat jouw verzekering van kracht wordt en jouw investering optimaal beschermd is.<\/p>\n                            <div class=\"btn-group\">\n                              \t\t\t\t\t\t\t\t\t<a href=\"https:\/\/solarif.com\/nl\/contact-formulier\/\"\n\t\t\t\t\t\t\t\t\t   class=\"btn angled-link btn-primary\"\n\t\t\t\t\t\t\t\t\t   >\n\t\t\t\t\t\t\t\t\t   Neem contact met ons op!\t\t\t\t\t\t\t\t\t<\/a>\n\t\t\t\t\t\t\t\t                            <\/div>\n                                            <\/div>\n                                    <\/div>\n    <\/div>\n<\/section>\n\n\n<section class=\"text-media flipped bg-soft-orange\">\n    <div class=\"boxed\">\n        <div class=\"media\">\n                            <div class=\"image no-cut\">\n                    <img decoding=\"async\" src=\"https:\/\/solarif.com\/wp-content\/uploads\/2024\/12\/Solarif-Account-manager-Business-Insurance-who-are-we.jpg\" alt=\"Solarif - Zonnepark Branderwal - Kootwijkerbroek, Nederland\">\n                <\/div>\n                                <\/div>\n                    <div class=\"content\">\n                                    <div class=\"item\">\n                                                                            <h2 class=\"\">Waarom kies je voor een PV Prestatieverzekering?<\/h2>\n                        \n                                                    <ul>\n<li><b>Bescherming van je Investering<br \/>\n<\/b>Deze verzekering zorgt ervoor dat je investering veilig is, zelfs als je zonnepark ondermaats presteert.<\/li>\n<li><b>Betere Financieringsmogelijkheden<br \/>\n<\/b>Aantrekkelijker voor banken en investeerders. Dit kan je helpen om betere leningsvoorwaarden te krijgen.<\/li>\n<li><b>Langdurige Dekking<br \/>\n<\/b>Dekking tegen onderprestatie voor de gehele looptijd.<\/li>\n<li><b>Meer Waarde voor je Zonnepark<br \/>\n<\/b>Verhoogt de waarde van je park voor als je ooit besluit te verkopen.<\/li>\n<li><b>Flexibele Dekking<br \/>\n<\/b>Flexibele opties, zodat je precies de dekking krijgt die bij jouw project past.<\/li>\n<\/ul>\n                        \n                                                                    <\/div>\n                            <\/div>\n            <\/div>\n<\/section>\n\n\n\n<section class=\"cta bg-default\">\n    <div class=\"boxed\">\n        <h2>\n            Onderneem actie!        <\/h2>\n        <div class=\"content\">\n            <p><span style=\"font-weight: 400;\">Laat de prestaties van jouw zonnepark niet aan het toeval over. Kom meer te weten over PV Prestatieverzekering.<\/span><\/p>\n        <\/div>\n                    <div class=\"btn-group\">\n\t\t\t\t\t\t\t<a href=\"\/nl\/contact\/\"\n\t\t\t\t   class=\"btn btn-primary\"\n\t\t\t\t   >\n\t\t\t\t   Neem contact met ons op!\t\t\t\t<\/a>\n\t\t\t            <\/div>\n                        <p class=\"button-text\">Bescherm Jouw Zonnepark tegen Onderpresteren.<\/p>\n            <\/div>\n<\/section>","protected":false},"excerpt":{"rendered":"","protected":false},"author":1,"featured_media":0,"parent":0,"menu_order":0,"comment_status":"closed","ping_status":"closed","template":"","meta":{"_acf_changed":false,"_improvement_type_select":"improve_an_existing","_thumb_yes_seoaic":false,"_frame_yes_seoaic":false,"seoaic_generate_description":"","seoaic_improve_instructions_prompt":"","seoaic_rollback_content_improvement":"","seoaic_idea_thumbnail_generator":"","thumbnail_generated":false,"thumbnail_generate_prompt":"","seoaic_article_description":"","footnotes":""},"class_list":["post-1332","page","type-page","status-publish"],"acf":[],"_links":{"self":[{"href":"https:\/\/solarif.com\/nl\/wp-json\/wp\/v2\/pages\/1332","targetHints":{"allow":["GET"]}}],"collection":[{"href":"https:\/\/solarif.com\/nl\/wp-json\/wp\/v2\/pages"}],"about":[{"href":"https:\/\/solarif.com\/nl\/wp-json\/wp\/v2\/types\/page"}],"author":[{"embeddable":true,"href":"https:\/\/solarif.com\/nl\/wp-json\/wp\/v2\/users\/1"}],"replies":[{"embeddable":true,"href":"https:\/\/solarif.com\/nl\/wp-json\/wp\/v2\/comments?post=1332"}],"version-history":[{"count":57,"href":"https:\/\/solarif.com\/nl\/wp-json\/wp\/v2\/pages\/1332\/revisions"}],"predecessor-version":[{"id":9811,"href":"https:\/\/solarif.com\/nl\/wp-json\/wp\/v2\/pages\/1332\/revisions\/9811"}],"wp:attachment":[{"href":"https:\/\/solarif.com\/nl\/wp-json\/wp\/v2\/media?parent=1332"}],"curies":[{"name":"wp","href":"https:\/\/api.w.org\/{rel}","templated":true}]}}