{"id":1546,"date":"2024-12-12T11:20:17","date_gmt":"2024-12-12T10:20:17","guid":{"rendered":"https:\/\/staging.solarif.com\/?page_id=1546"},"modified":"2025-03-28T07:02:43","modified_gmt":"2025-03-28T06:02:43","slug":"bedrijfsaansprakelijkheidsverzekering","status":"publish","type":"page","link":"https:\/\/solarif.com\/nl\/business-liability-insurance\/","title":{"rendered":"Bedrijfsaansprakelijkheidsverzekering"},"content":{"rendered":"<section class=\"hero\">\n    <div class=\"boxed\">\n        <div class=\"content\">\n                            <h1>Bedrijfsaansprakelijkheidsverzekering<\/h1>\n                                        <p><span style=\"font-weight: 400;\">Als ondernemer ben je voortdurend blootgesteld aan verschillende risico's, waaronder schade die je bedrijf, jouw medewerkers of jouw producten kunnen veroorzaken bij derden. <\/span><\/p>\n<p><span style=\"font-weight: 400;\">Of het nu gaat om materi\u00eble schade of letselschade, de bedrijfsaansprakelijkheidsverzekering (AVB) biedt dekking, inclusief juridische ondersteuning. Zo kun jij zorgeloos ondernemen.<\/span><\/p>\n<p><span style=\"font-weight: 400;\">Vraag nu een adviesgesprek aan en onderneem zonder zorgen.<\/span><\/p>\n                                        <div class=\"btn-group\">\n                    \t\t\t\t\t\t\t\t<a href=\"\/nl\/contact\/\"\n\t\t\t\t\t\t\t\t   class=\"btn btn-primary\"\n\t\t\t\t\t\t\t\t   >\n\t\t\t\t\t\t\t\t   Ik wil graag advies\t\t\t\t\t\t\t\t<\/a>\n\t\t\t\t\t\t\t                <\/div>\n                    <\/div>\n        <div class=\"media\">\n                            <img decoding=\"async\" src=\"https:\/\/solarif.com\/wp-content\/uploads\/2025\/01\/IMG_20241022_145325-scaled-e1736021339129.jpg\" alt=\"Waarschuwingsbord: Gevaar Ge\u00eblektrificeerde Omheining\">\n                    <\/div>\n    <\/div>\n<\/section>\n\n\n<section class=\"text-media default bg-default\">\n    <div class=\"boxed\">\n        <div class=\"media\">\n                            <div class=\"image default\">\n                    <img decoding=\"async\" src=\"https:\/\/solarif.com\/wp-content\/uploads\/2025\/02\/IMG_20240503_164728-scaled-e1739172780149.jpg\" alt=\"\">\n                <\/div>\n                                <\/div>\n                    <div class=\"content\">\n                                    <div class=\"item\">\n                                                                            <h2 class=\"\">Wat is een Aansprakelijkheids- verzekering voor Bedrijven?<\/h2>\n                        \n                                                    <p><span style=\"font-weight: 400\">Een bedrijfsaansprakelijkheidsverzekering, ook wel een <strong>Aansprakelijkheidsverzekering voor Bedrijven (AVB)<\/strong> genoemd, dekt schade die jouw bedrijf, medewerkers of producten veroorzaken aan derden. Dit kan bijvoorbeeld gaan om schade aan eigendommen van anderen, lichamelijk letsel of schade die je werknemers oplopen tijdens werktijd. <\/span><\/p>\n<p><span style=\"font-weight: 400\">Deze verzekering zorgt ervoor dat je bedrijf niet in de financi\u00eble problemen komt door claims van derden. Afhankelijk van jouw keuze ben je verzekerd per schadegeval tot een bepaalde limiet, bijvoorbeeld \u20ac 2,5 miljoen per schade.<\/span><\/p>\n                        \n                                                                    <\/div>\n                            <\/div>\n            <\/div>\n<\/section>\n\n\n\n<section class=\"text-media flipped bg-default\">\n    <div class=\"boxed\">\n        <div class=\"media\">\n                            <div class=\"image default\">\n                    <img decoding=\"async\" src=\"https:\/\/solarif.com\/wp-content\/uploads\/2024\/12\/What-Does-Business-Liability-Insurance-Cover_-e1739172904146.jpg\" alt=\"Wat dekt de aansprakelijkheidsverzekering voor bedrijven\">\n                <\/div>\n                                <\/div>\n                    <div class=\"content\">\n                                    <div class=\"item\">\n                                                                            <h2 class=\"\">Wat dekt een Bedrijfsaansprakelijk- heidsverzekering?<\/h2>\n                        \n                                                    <p><span style=\"font-weight: 400\">Voor bedrijven die actief zijn in het ontwikkelen, bouwen of exploiteren van zonnestroominstallaties, kan een aansprakelijkheidsverzekering voor bedrijven dekking bieden in onder andere de volgende situaties:\u00a0<\/span><\/p>\n<ul>\n<li style=\"font-weight: 400\"><span style=\"font-weight: 400\">Schade aan eigendommen van anderen door jouw werkzaamheden.<\/span><\/li>\n<li style=\"font-weight: 400\"><span style=\"font-weight: 400\">Schade aan eigendommen van anderen veroorzaakt door een gebrekkig product.<\/span><\/li>\n<li style=\"font-weight: 400\"><span style=\"font-weight: 400\">Letselschade of die je medewerker oploopt tijdens zijn werk.<\/span><\/li>\n<li style=\"font-weight: 400\"><span style=\"font-weight: 400\">Overlijden van een werknemer door een bedrijfsongeluk.<\/span><\/li>\n<li style=\"font-weight: 400\"><span style=\"font-weight: 400\">Letselschade aan personen door jouw werkzaamheden.<\/span><\/li>\n<li style=\"font-weight: 400\"><span style=\"font-weight: 400\">Letselschade aan personen door het product die je verkoopt.<\/span><\/li>\n<\/ul>\n<p><span style=\"font-weight: 400\">Per schade geldt het eigen risico dat op je polis is aangetekend. Voor letselschade geldt geen eigen risico.<\/span><\/p>\n                        \n                                                                    <\/div>\n                            <\/div>\n            <\/div>\n<\/section>\n\n\n\n<section class=\"free-columns\">\n    <div class=\"boxed\">\n                    <h2>Voorbeelden van bedrijfsaansprakelijkheidsclaims:<\/h2>\n                <div class=\"columns count-3\">\n                                                <div class=\"column\">\n                                                <h2><\/h2>\n                        <p><b>Letselschade aan derden door werkzaamheden op de bouwplaats<br \/>\n<\/b>Voorbeeld: Een leverancier betreedt de bouwplaats van het zonnepark en raakt gewond doordat hij struikelt over slecht afgezette bouwmaterialen.<\/p>\n                    <\/div>\n                                                    <div class=\"column\">\n                                                <h2><\/h2>\n                        <p><b>Milieuschade door fouten tijdens de installatie<br \/>\n<\/b>Voorbeeld: Tijdens graafwerkzaamheden voor het leggen van bekabeling wordt per ongeluk een ondergrondse olie- of gasleiding beschadigd, wat leidt tot een milieukwestie en vervuiling van de bodem.<\/p>\n                    <\/div>\n                                                    <div class=\"column\">\n                                                <h2><\/h2>\n                        <p><b>Schade aan eigendommen van derden tijdens de bouw<br \/>\n<\/b>Voorbeeld: Tijdens de installatie van zonnepanelen op een zonnepark beschadigt een bouwkraan per ongeluk een nabijgelegen boerderij of een andere eigendom, zoals een hek van de buurman.<\/p>\n                    <\/div>\n                                    <\/div>\n    <\/div>\n<\/section>\n\n\n<section class=\"text-media default bg-default\">\n    <div class=\"boxed\">\n        <div class=\"media\">\n                            <div class=\"image default\">\n                    <img decoding=\"async\" src=\"https:\/\/solarif.com\/wp-content\/uploads\/2025\/01\/20190428_120943-scaled-e1736001654402.jpg\" alt=\"Veiligheidshelmen\">\n                <\/div>\n                                <\/div>\n                    <div class=\"content\">\n                                    <div class=\"item\">\n                                                                            <h2 class=\"\">Wat dekt een AVB niet?<\/h2>\n                        \n                                                    <p><span style=\"font-weight: 400\">Hieronder enkele zaken die doorgaans niet zijn gedekt:<\/span><\/p>\n<ul>\n<li style=\"font-weight: 400\"><span style=\"font-weight: 400\">Schade aan jezelf, aan je bedrijf of producten die je verkoopt<\/span><\/li>\n<li style=\"font-weight: 400\"><span style=\"font-weight: 400\">Zuivere vermogensschade (verlies zonder materi\u00eble schade of letsel)<\/span><\/li>\n<li style=\"font-weight: 400\"><span style=\"font-weight: 400\">Schade door opzet<\/span><\/li>\n<li style=\"font-weight: 400\"><span style=\"font-weight: 400\">Schade door gebruik van een (lucht)vaartuig of motorvoertuig\u00a0<\/span><\/li>\n<li style=\"font-weight: 400\"><span style=\"font-weight: 400\">Beroepsziektes veroorzaakt door bijvoorbeeld asbest\u00a0<\/span><\/li>\n<li style=\"font-weight: 400\"><span style=\"font-weight: 400\">Schade aan software of databestanden\u00a0<\/span><\/li>\n<li style=\"font-weight: 400\"><span style=\"font-weight: 400\">Boetes of losgeld naar aanleiding van cybercriminaliteit\u00a0<\/span><\/li>\n<li style=\"font-weight: 400\"><span style=\"font-weight: 400\">Schade door een beroepsfout, bijvoorbeeld een foutieve berekening<\/span><\/li>\n<\/ul>\n                        \n                                                                            <div class=\"btn-group\">\n                           \t\t\t\t\t\t\t\t<a href=\"https:\/\/solarif.com\/nl\/contact\/\"\n\t\t\t\t\t\t\t\t   class=\"btn btn-primary\"\n\t\t\t\t\t\t\t\t   >\n\t\t\t\t\t\t\t\t   Ik wil een gesprek aanvragen!\t\t\t\t\t\t\t\t<\/a>\n\t\t\t\t\t\t\t                            <\/div>\n                                            <\/div>\n                            <\/div>\n            <\/div>\n<\/section>\n\n\n\n<section class=\"free-columns\">\n    <div class=\"boxed\">\n                <div class=\"columns count-2\">\n                                                <div class=\"column\">\n                                                <h2>Waarom een AVB?<\/h2>\n                        <p><span style=\"font-weight: 400;\">Als ondernemer kun je om verschillende redenen aansprakelijk worden gesteld. Het afsluiten van een AVB geeft jou de zekerheid dat jouw bedrijf beschermd is tegen schade die jouw bedrijf, medewerkers of producten veroorzaken aan derden.<\/span><\/p>\n                    <\/div>\n                                                    <div class=\"column\">\n                                                <h2>Wie zou een AVB moeten afsluiten?<\/h2>\n                        <p><span style=\"font-weight: 400;\">Deze verzekering is essentieel voor alle ondernemers, ongeacht de grootte of aard van je bedrijf. Of je nu een eenmanszaak runt of een groot bedrijf met meerdere medewerkers hebt, de AVB beschermt je tegen diverse aansprakelijkheidsrisico's.<\/span><\/p>\n                    <\/div>\n                                    <\/div>\n    <\/div>\n<\/section>\n\n\n<section class=\"text-media flipped bg-default\">\n    <div class=\"boxed\">\n        <div class=\"media\">\n                            <div class=\"image default\">\n                    <img decoding=\"async\" src=\"https:\/\/solarif.com\/wp-content\/uploads\/2025\/01\/IMG_20210509_120904-scaled.jpg\" alt=\"Golfbrekers\">\n                <\/div>\n                                <\/div>\n                    <div class=\"content\">\n                                    <div class=\"item\">\n                                                                            <h2 class=\"\">Inloop- en Uitlooprisico<\/h2>\n                        \n                                                    <p><span style=\"font-weight: 400\">Optioneel kun je ervoor kiezen om het inloop- en uitlooprisico mee te verzekeren:<\/span><\/p>\n<p><span style=\"text-decoration: underline\"><span style=\"font-weight: 400\">Inlooprisico<br \/>\n<\/span><\/span><span style=\"font-weight: 400\">Het inlooprisico (voorrisico) dekt schade die is veroorzaakt v\u00f3\u00f3r de ingangsdatum van de verzekering, maar die pas n\u00e1 de ingangsdatum wordt gemeld. Dit geldt alleen als je tijdens het afsluiten van de verzekering nog niet op de hoogte was van de schade. Deze dekking is mogelijk tot maximaal 3 jaar terug.<\/span><\/p>\n<p><span style=\"text-decoration: underline\"><span style=\"font-weight: 400\">Uitlooprisico<br \/>\n<\/span><\/span><span style=\"font-weight: 400\">Het uitlooprisico (narisico) dekt schade die is veroorzaakt tijdens de looptijd van je verzekering, maar die pas na de einddatum wordt gemeld. Dit is vooral relevant als je de verzekering be\u00ebindigt of oversluit. Daarnaast kun je, wanneer je stopt met je bedrijfsactiviteiten, dit risico meeverzekeren om jezelf te beschermen tegen schadeclaims die na de bedrijfsbe\u00ebindiging aan het licht komen.<\/span><\/p>\n                        \n                                                                    <\/div>\n                            <\/div>\n            <\/div>\n<\/section>\n\n\n\n<section class=\"text-media default bg-default\">\n    <div class=\"boxed\">\n        <div class=\"media\">\n                            <div class=\"image default\">\n                    <img decoding=\"async\" src=\"https:\/\/solarif.com\/wp-content\/uploads\/2025\/01\/IMG_1408-scaled.jpg\" alt=\"Zonnedak met uitzicht op skyline van Den Haag\">\n                <\/div>\n                                <\/div>\n                    <div class=\"content\">\n                                    <div class=\"item\">\n                                                                            <h2 class=\"\">Wat voor verzekeringen sluiten ondernemers nog meer af?<\/h2>\n                        \n                                                    <p><span style=\"font-weight: 400\">Naast de AVB sluiten ondernemers vaak de volgende verzekeringen af:<\/span><\/p>\n<ul>\n<li><a href=\"https:\/\/solarif.com\/nl\/bestuurdersaansprakelijkheidsverzekering\/\"><b>Bestuurdersaansprakelijkheidsverzekering<\/b><\/a><\/li>\n<li><b><a href=\"https:\/\/solarif.com\/nl\/beroepsaansprakelijkheidsverzekering\/\">Beroepsaansprakelijkheidsverzekering<\/a>\u00a0<\/b><\/li>\n<li><a href=\"https:\/\/solarif.com\/nl\/bouw-en-montageverzekering\/\"><b>Bouw en montage- verzekering (CAR)\u00a0<\/b><\/a><\/li>\n<li><b><a href=\"https:\/\/solarif.com\/nl\/goederentransportverzekering\/\">Goederentransportverzekering<\/a>\u00a0<\/b><\/li>\n<li><a href=\"https:\/\/solarif.com\/nl\/rechtsbijstandverzekering\/\"><b>Zakelijke Rechtsbijstandverzekering<\/b><\/a><\/li>\n<\/ul>\n<p><span style=\"font-weight: 400\">Denk ook aan een <\/span><a href=\"https:\/\/solarif.com\/nl\/cyberverzekering\/\"><b>Cyberverzekering<\/b><\/a><\/p>\n                        \n                                                                    <\/div>\n                            <\/div>\n            <\/div>\n<\/section>\n\n\n\n<section class=\"cta bg-default\">\n    <div class=\"boxed\">\n        <h2>\n            Wil je je bedrijf beschermen tegen aansprakelijkheidsrisico\u2019s?        <\/h2>\n        <div class=\"content\">\n            <p><span style=\"font-weight: 400;\">Onze specialisten staan voor je klaar om je te helpen.<\/span><\/p>\n<p><span style=\"font-weight: 400;\"><strong>E-mail<\/strong>: <a href=\"mailto:insurance@solarif.com\">insurance@solarif.com<\/a><\/span><\/p>\n<p><span style=\"font-weight: 400;\"><strong>Telefoon<\/strong>: +31 26 711 5050<\/span><\/p>\n        <\/div>\n                    <div class=\"btn-group\">\n\t\t\t\t\t\t\t<a href=\"\/nl\/contact\/\"\n\t\t\t\t   class=\"btn btn-primary\"\n\t\t\t\t   >\n\t\t\t\t   Neem contact met ons op!\t\t\t\t<\/a>\n\t\t\t            <\/div>\n                    <\/div>\n<\/section>\n\n\n<section class=\"faq\">\n    <div class=\"boxed\">\n        <div class=\"content\">\n                            <h2>Veelgestelde vragen<\/h2>\n                    <\/div>\n        <div class=\"items\">\n                                            <div class=\"item active\">\n                    <div class=\"question faq-accordion\">\n                        Dekt een Bedrijfsaansprakelijkheidsverzekering milieuschade?                    <\/div>\n                    <div class=\"answer\">\n                        <p>Ja, echter een bedrijfsaansprakelijkheidsverzekering (AVB) kent een beperkte dekking voor milieuschade. Het is een standaarddekking.<\/p>\n<p>Je bent verzekerd voor:<\/p>\n<ul>\n<li>een plotselinge milieuverontreiniging die jij hebt veroorzaakt. Hierbij is alleen de schade aan personen gedekt die door de verontreiniging is ontstaan.<\/li>\n<li>een plotselinge milieuverontreiniging die komt door een gebrek in jouw product. Hierbij is alleen de schade aan spullen van anderen gedekt.<\/li>\n<\/ul>\n<p>Alle andere schade is niet verzekerd onder jouw AVB. Denk bijvoorbeeld aan schade die langzaam ontstaat, zoals door een lekkende transformator die jarenlang de grond vervuilt. Voor dit soort risico\u2019s heb je nodig een <a href=\"https:\/\/solarif.com\/nl\/milieuschadeverzekering\/\"><strong>Milieuschadeverzekering<\/strong><\/a>.<\/p>\n                    <\/div>\n                <\/div>\n                                            <div class=\"item active\">\n                    <div class=\"question faq-accordion\">\n                        Is een bedrijfsaansprakelijkheidsverzekering (AVB) wettelijk verplicht?                    <\/div>\n                    <div class=\"answer\">\n                        <p><span style=\"font-weight: 400;\">Nee, een AVB is niet wettelijk verplicht, maar veel ondernemers sluiten er toch \u00e9\u00e9n af. Een ongelukje kan snel gebeuren, bijvoorbeeld door jou, een werknemer of door je product. Dat is natuurlijk niet fijn, en het kan soms veel geld kosten. <\/span><\/p>\n<p><span style=\"font-weight: 400;\">Met een AVB ben je verzekerd tegen deze kosten, wat je zowel geld als zorgen bespaart. Soms is een AVB verplicht, bijvoorbeeld als een leverancier, opdrachtgever of financier dit voor extra zekerheid eist.<\/span><\/p>\n                    <\/div>\n                <\/div>\n                                            <div class=\"item active\">\n                    <div class=\"question faq-accordion\">\n                        Wat is het verschil tussen Bedrijfsaansprakelijkheid en Rechtsbijstandsverzekering?                    <\/div>\n                    <div class=\"answer\">\n                        <p><span style=\"font-weight: 400;\">Een Aansprakelijkheidsverzekering voor Bedrijven (AVB) dekt schade die jouw bedrijf per ongeluk aan anderen veroorzaakt. Deze verzekering vergoedt dan de schade en de juridische kosten aan de benadeelde partij.<\/span><\/p>\n<p>Als je zelf schade hebt door een ander en een advocaat wilt inschakelen om deze schade te verhalen, valt dat niet onder de AVB. Hiervoor heb je een <a href=\"https:\/\/solarif.com\/nl\/rechtsbijstandverzekering\/\"><strong>Zakelijke Rechtsbijstandverzekering<\/strong><\/a>. Deze verzekering dekt de kosten van juridische hulp wanneer je schade hebt door een ander en deze wilt verhalen.<\/p>\n<p>Kort gezegd: de bedrijfsaansprakelijkheidsverzekering beschermt je tegen schadeclaims van anderen, maar niet tegen je eigen schade.<\/p>\n                    <\/div>\n                <\/div>\n                                            <div class=\"item active\">\n                    <div class=\"question faq-accordion\">\n                        Is de premie van een AVB fiscaal aftrekbaar?                    <\/div>\n                    <div class=\"answer\">\n                        <p><span style=\"font-weight: 400;\">Ja, de verzekeringspremie is fiscaal aftrekbaar. De premie wordt gezien als kosten. Daarom mag je de premie aftrekken van je winst bij de belastingaangifte.<\/span><\/p>\n                    <\/div>\n                <\/div>\n                                            <div class=\"item active\">\n                    <div class=\"question faq-accordion\">\n                        Zijn uitzendkrachten, stagiair(e)s, meewerkende familie en huisgenoten, en vrijwilligers ook gedekt door mijn bedrijfsaansprakelijkheidsverzekering voor Inspectiebedrijven?                    <\/div>\n                    <div class=\"answer\">\n                        <p><span style=\"font-weight: 400;\">Ja, de AVB geeft ook dekking voor uitzendkrachten, stagiair(e)s, meewerkende familie en huisgenoten, en vrijwilligers.<\/span><\/p>\n                    <\/div>\n                <\/div>\n                                            <div class=\"item active\">\n                    <div class=\"question faq-accordion\">\n                        Heb ik ook een AVB nodig als ik al een wettelijke aansprakelijkheidsverzekering (WA) heb?                    <\/div>\n                    <div class=\"answer\">\n                        <p><span style=\"font-weight: 400;\">Ja, als je als ondernemer gedekt wilt zijn tegen schade die jouw bedrijf, medewerkers of producten veroorzaken aan derden, heb je een Aansprakelijkheidsverzekering voor Bedrijven (AVB) nodig. Een wettelijke aansprakelijkheidsverzekering (WA) die je als persoon hebt afgesloten, biedt namelijk geen dekking voor bedrijfsaansprakelijkheid.<\/span><\/p>\n                    <\/div>\n                <\/div>\n                                            <div class=\"item active\">\n                    <div class=\"question faq-accordion\">\n                        Hoe zeg ik mijn Bedrijfsaansprakelijkheidsverzekering op?                    <\/div>\n                    <div class=\"answer\">\n                        <p><span style=\"font-weight: 400;\">Opzeggen doe je schriftelijk of per e-mail met inachtneming van je opzegtermijn.<\/span><\/p>\n                    <\/div>\n                <\/div>\n                                            <div class=\"item active\">\n                    <div class=\"question faq-accordion\">\n                        Wat is het verschil tussen een bedrijfsaansprakelijkheidsverzekering en een beroepsaansprakelijkheidsverzekering?                    <\/div>\n                    <div class=\"answer\">\n                        <p><span style=\"font-weight: 400;\">Een bedrijfsaansprakelijkheidsverzekering dekt schade aan spullen en personen, terwijl een <\/span><a href=\"https:\/\/solarif.com\/nl\/beroepsaansprakelijkheidsverzekering\/\"><b>beroepsaansprakelijkheidsverzekering<\/b><\/a><span style=\"font-weight: 400;\"> vermogensschade door beroepsfouten dekt.<\/span><\/p>\n                    <\/div>\n                <\/div>\n                                            <div class=\"item active\">\n                    <div class=\"question faq-accordion\">\n                        Wat moet ik doen als mijn bedrijf aansprakelijk wordt gesteld?                    <\/div>\n                    <div class=\"answer\">\n                        <p>Neem direct contact met ons op. Wij helpen je bij de afhandeling van de claim en zorgen voor de juiste ondersteuning. Voor het melden van een schade of voor meer informatie over de vervolgstappen, bezoek onze informatieve pagina over schade melden. <a href=\"https:\/\/solarif.com\/nl\/schade-melden\/\"><strong>Lees meer over schade melden!<\/strong><\/a><\/p>\n                    <\/div>\n                <\/div>\n                    <\/div>\n    <\/div>\n<\/section>","protected":false},"excerpt":{"rendered":"","protected":false},"author":1,"featured_media":0,"parent":0,"menu_order":0,"comment_status":"closed","ping_status":"closed","template":"","meta":{"_acf_changed":false,"_improvement_type_select":"improve_an_existing","_thumb_yes_seoaic":false,"_frame_yes_seoaic":false,"seoaic_generate_description":"","seoaic_improve_instructions_prompt":"","seoaic_rollback_content_improvement":"","seoaic_idea_thumbnail_generator":"","thumbnail_generated":false,"thumbnail_generate_prompt":"","seoaic_article_description":"","footnotes":""},"class_list":["post-1546","page","type-page","status-publish"],"acf":[],"_links":{"self":[{"href":"https:\/\/solarif.com\/nl\/wp-json\/wp\/v2\/pages\/1546","targetHints":{"allow":["GET"]}}],"collection":[{"href":"https:\/\/solarif.com\/nl\/wp-json\/wp\/v2\/pages"}],"about":[{"href":"https:\/\/solarif.com\/nl\/wp-json\/wp\/v2\/types\/page"}],"author":[{"embeddable":true,"href":"https:\/\/solarif.com\/nl\/wp-json\/wp\/v2\/users\/1"}],"replies":[{"embeddable":true,"href":"https:\/\/solarif.com\/nl\/wp-json\/wp\/v2\/comments?post=1546"}],"version-history":[{"count":61,"href":"https:\/\/solarif.com\/nl\/wp-json\/wp\/v2\/pages\/1546\/revisions"}],"predecessor-version":[{"id":10520,"href":"https:\/\/solarif.com\/nl\/wp-json\/wp\/v2\/pages\/1546\/revisions\/10520"}],"wp:attachment":[{"href":"https:\/\/solarif.com\/nl\/wp-json\/wp\/v2\/media?parent=1546"}],"curies":[{"name":"wp","href":"https:\/\/api.w.org\/{rel}","templated":true}]}}