{"id":679,"date":"2024-11-14T14:47:01","date_gmt":"2024-11-14T13:47:01","guid":{"rendered":"https:\/\/staging.solarif.com\/?page_id=679"},"modified":"2025-04-14T19:46:06","modified_gmt":"2025-04-14T17:46:06","slug":"risk-management","status":"publish","type":"page","link":"https:\/\/solarif.com\/nl\/risk-management\/","title":{"rendered":"Risk Management"},"content":{"rendered":"<section class=\"hero\">\n    <div class=\"boxed\">\n        <div class=\"content\">\n                            <h1>Solarif Risk Management<\/h1>\n                                        <p><strong>Meer grip op risico\u2019s, betere prestaties in zonne-energie<\/strong><\/p>\n<p>Wil je zeker weten dat jouw zonne-energieproject voldoet aan de hoogste eisen op het gebied van kwaliteit, veiligheid en betrouwbaarheid? Onze experts helpen je risico\u2019s vroeg te signaleren en slim te beheersen \u2013 zodat je project veilig draait \u00e9n optimaal presteert.<\/p>\n<p>Met onafhankelijke kwaliteitsborging zorgen we voor structurele verbetering en lange termijn zekerheid. Geen verrassingen, wel controle. Laat kwaliteit geen toeval zijn \u2013 kies voor risicobeheer van zonne-energiespecialisten.<\/p>\n                                        <div class=\"btn-group\">\n                    \t\t\t\t\t\t\t\t<a href=\"https:\/\/solarif.com\/nl\/contact\/\"\n\t\t\t\t\t\t\t\t   class=\"btn btn-primary\"\n\t\t\t\t\t\t\t\t   >\n\t\t\t\t\t\t\t\t   Neem contact met ons op!\t\t\t\t\t\t\t\t<\/a>\n\t\t\t\t\t\t\t                <\/div>\n                    <\/div>\n        <div class=\"media\">\n                            <img decoding=\"async\" src=\"https:\/\/solarif.com\/wp-content\/uploads\/2025\/02\/DJI_0215-scaled.jpg\" alt=\"Solarif - Zonne-energie met windturbines op de achtergrond\">\n                    <\/div>\n    <\/div>\n<\/section>\n\n\n<section class=\"free-columns\">\n    <div class=\"boxed\">\n                    <h2>Hoe kunnen we je helpen?<\/h2>\n                <div class=\"columns count-3\">\n                                                <div class=\"column has-buttons\">\n                                                    <img decoding=\"async\" src=\"https:\/\/solarif.com\/wp-content\/uploads\/2025\/02\/IMG_3096-scaled-e1738745879462.jpg\"\n                                 alt=\"Solarif - SCIOS Scope Inspecties - Meetapparatuur\">\n                                                <h2>Scope 8 Inspectie<\/h2>\n                        <p>Een SCIOS Scope 8 inspectie is een periodieke keuring van bestaande elektrische installaties en alle bekabeling in je bedrijfspand, waarbij veiligheidsrisico\u2019s worden beoordeeld volgens NEN 3140.<\/p>\n                            <div class=\"btn-group\">\n                              \t\t\t\t\t\t\t\t\t<a href=\"https:\/\/solarif.com\/nl\/scope-8-inspectie\/\"\n\t\t\t\t\t\t\t\t\t   class=\"btn angled-link btn-primary\"\n\t\t\t\t\t\t\t\t\t   >\n\t\t\t\t\t\t\t\t\t   Meer weten? Klik dan hier!\t\t\t\t\t\t\t\t\t<\/a>\n\t\t\t\t\t\t\t\t                            <\/div>\n                                            <\/div>\n                                                    <div class=\"column has-buttons\">\n                                                    <img decoding=\"async\" src=\"https:\/\/solarif.com\/wp-content\/uploads\/2025\/02\/20240708_173438-scaled.jpg\"\n                                 alt=\"Solarif Risicobeheer - Inspectie\">\n                                                <h2>Scope 10 Inspectie<\/h2>\n                        <p>Een SCIOS Scope 10 inspectie is een keuring van het elektrisch materieel, bestaande uit elektrische installaties en aangesloten apparaten, op brandrisico.<\/p>\n                            <div class=\"btn-group\">\n                              \t\t\t\t\t\t\t\t\t<a href=\"https:\/\/solarif.com\/nl\/scope-10-inspectie\/\"\n\t\t\t\t\t\t\t\t\t   class=\"btn angled-link btn-primary\"\n\t\t\t\t\t\t\t\t\t   >\n\t\t\t\t\t\t\t\t\t   Meer weten? Klik dan hier!\t\t\t\t\t\t\t\t\t<\/a>\n\t\t\t\t\t\t\t\t                            <\/div>\n                                            <\/div>\n                                                    <div class=\"column has-buttons\">\n                                                    <img decoding=\"async\" src=\"https:\/\/solarif.com\/wp-content\/uploads\/2025\/02\/DJI_0246-scaled-e1738596333581.jpg\"\n                                 alt=\"Solarif Risicobeheer - Reikwijdte 12 inspectie\">\n                                                <h2>Scope 12 Inspectie<\/h2>\n                        <p>Een SCIOS Scope 12 inspectie is een keuring van een zonnepaneelinstallatie om de veiligheid, betrouwbaarheid en verzekerbaarheid van de installatie te waarborgen.<\/p>\n                            <div class=\"btn-group\">\n                              \t\t\t\t\t\t\t\t\t<a href=\"https:\/\/solarif.com\/nl\/scope-12-inspectie\/\"\n\t\t\t\t\t\t\t\t\t   class=\"btn angled-link btn-primary\"\n\t\t\t\t\t\t\t\t\t   >\n\t\t\t\t\t\t\t\t\t   Meer weten? Klik dan hier!\t\t\t\t\t\t\t\t\t<\/a>\n\t\t\t\t\t\t\t\t                            <\/div>\n                                            <\/div>\n                                    <\/div>\n    <\/div>\n<\/section>\n\n\n<section class=\"free-columns\">\n    <div class=\"boxed\">\n                <div class=\"columns count-3\">\n                                                <div class=\"column has-buttons\">\n                                                    <img decoding=\"async\" src=\"https:\/\/solarif.com\/wp-content\/uploads\/2024\/12\/Factory-Qualification-Audit.jpg\"\n                                 alt=\"Solarif Risicobeheer - Fabriekskwalificatieaudit\">\n                                                <h2>Fabrieksinspectie<\/h2>\n                        <p>Een fabrieksinspectie is een grondige kwalificatie-audit uitgevoerd door Solarif om te beoordelen of de paneelproductie voldoet aan de strikte eisen van Solarif voor betrouwbaarheid, prestaties en duurzaamheid.<\/p>\n                            <div class=\"btn-group\">\n                              \t\t\t\t\t\t\t\t\t<a href=\"https:\/\/solarif.com\/nl\/fabrieksinspectie\/\"\n\t\t\t\t\t\t\t\t\t   class=\"btn angled-link btn-primary\"\n\t\t\t\t\t\t\t\t\t   >\n\t\t\t\t\t\t\t\t\t   Meer weten? Klik dan hier!\t\t\t\t\t\t\t\t\t<\/a>\n\t\t\t\t\t\t\t\t                            <\/div>\n                                            <\/div>\n                                                    <div class=\"column has-buttons\">\n                                                    <img decoding=\"async\" src=\"https:\/\/solarif.com\/wp-content\/uploads\/2024\/12\/s-dVM0BI-scaled-e1738599614664.jpeg\"\n                                 alt=\"Solarif - Inspectie van partijen zonnepanelen\">\n                                                <h2>Batchinspectie<\/h2>\n                        <p>Een batchinspectie is een grondige kwaliteitscontrole in de fabriek tijdens het productieproces van jouw zonnepanelen. Dit zorgt ervoor dat de geleverde zonnepanelen voldoen aan de afgesproken kwaliteitsnormen.<\/p>\n                            <div class=\"btn-group\">\n                              \t\t\t\t\t\t\t\t\t<a href=\"https:\/\/solarif.com\/nl\/batchinspectie\/\"\n\t\t\t\t\t\t\t\t\t   class=\"btn angled-link btn-primary\"\n\t\t\t\t\t\t\t\t\t   >\n\t\t\t\t\t\t\t\t\t   Meer weten? Klik dan hier!\t\t\t\t\t\t\t\t\t<\/a>\n\t\t\t\t\t\t\t\t                            <\/div>\n                                            <\/div>\n                                                    <div class=\"column has-buttons\">\n                                                    <img decoding=\"async\" src=\"https:\/\/solarif.com\/wp-content\/uploads\/2025\/02\/MG_0728-1-scaled.jpg\"\n                                 alt=\"Solarif - UwDroneService\">\n                                                <h2>Drone Inspectie<\/h2>\n                        <p>Een drone inspectie is een superieure evaluatie van je PV-installatie waarbij geavanceerde dronetechnologie en hoogwaardige thermische beeldvorming worden ingezet voor een gedetailleerde en betrouwbare analyse.<\/p>\n                            <div class=\"btn-group\">\n                              \t\t\t\t\t\t\t\t\t<a href=\"https:\/\/solarif.com\/nl\/drone-inspecties\/\"\n\t\t\t\t\t\t\t\t\t   class=\"btn angled-link btn-primary\"\n\t\t\t\t\t\t\t\t\t   >\n\t\t\t\t\t\t\t\t\t   Meer weten? Klik dan hier!\t\t\t\t\t\t\t\t\t<\/a>\n\t\t\t\t\t\t\t\t                            <\/div>\n                                            <\/div>\n                                    <\/div>\n    <\/div>\n<\/section>\n\n\n<section class=\"text-media default bg-default\">\n    <div class=\"boxed\">\n        <div class=\"media\">\n                            <div class=\"image no-cut\">\n                    <img decoding=\"async\" src=\"https:\/\/solarif.com\/wp-content\/uploads\/2025\/04\/Solarif-Certified.jpg\" alt=\"\">\n                <\/div>\n                                <\/div>\n                    <div class=\"content\">\n                                    <div class=\"item\">\n                                                                            <h2 class=\"\">Solarif-Certified<\/h2>\n                        \n                                                    <p>Verhoog de waarde, betrouwbaarheid en verzekerbaarheid van je zonnepaneelinstallatie met Solarif-Certified. Deze certificering waarborgt de kwaliteit van je zonnepanelen en geeft toegang tot onze exclusieve '<a href=\"https:\/\/solarif.com\/nl\/eigen-gebrek-dekking\/\"><strong>Eigen Gebrek Dekking<\/strong><\/a>',\u00a0die de fabrieksgarantie uitbreidt en aanvult.<\/p>\n<p>Kies je voor Solarif-Certified zonnepanelen? Dan ontvang je bovendien een exclusieve korting op de 'Eigen Gebrek Dekking' wanneer je deze combineert met onze <a href=\"https:\/\/solarif.com\/nl\/zonnepaneel-allriskverzekering\/\"><strong>Solarif Zonnepanelen Verzekering<\/strong><\/a>.<\/p>\n<p>Meer weten? Ontdek alle voordelen van Solarif-Certified!<\/p>\n                        \n                                                                            <div class=\"btn-group\">\n                           \t\t\t\t\t\t\t\t<a href=\"https:\/\/solarif.com\/nl\/solarif-certified-zonnepaneelfabrikanten\/\"\n\t\t\t\t\t\t\t\t   class=\"btn btn-primary\"\n\t\t\t\t\t\t\t\t   >\n\t\t\t\t\t\t\t\t   Zonnepaneelfabrikant!\t\t\t\t\t\t\t\t<\/a>\n\t\t\t\t\t\t\t\t\t\t\t\t\t\t\t<a href=\"https:\/\/solarif.com\/nl\/solarif-certified-investeerders\/\"\n\t\t\t\t\t\t\t\t   class=\"btn btn-primary\"\n\t\t\t\t\t\t\t\t   >\n\t\t\t\t\t\t\t\t   Investeerder in zonneparken!\t\t\t\t\t\t\t\t<\/a>\n\t\t\t\t\t\t\t                            <\/div>\n                                            <\/div>\n                            <\/div>\n            <\/div>\n<\/section>\n\n\n\n<section class=\"text-media flipped bg-default\">\n    <div class=\"boxed\">\n        <div class=\"media\">\n                            <div class=\"image no-cut\">\n                    <img decoding=\"async\" src=\"https:\/\/solarif.com\/wp-content\/uploads\/2025\/01\/IMG_2563-1-scaled.jpg\" alt=\"Solarif - Zonnepaneelfabrikant\">\n                <\/div>\n                                <\/div>\n                    <div class=\"content\">\n                                    <div class=\"item\">\n                                                                            <h2 class=\"\">Lijst van Solarif-Certified Zonnepaneelfabrikanten<\/h2>\n                        \n                                                    <p>Verschillende fabrikanten hebben met succes onze grondige fabrieksinspectie doorstaan en zijn nu officieel <a href=\"https:\/\/solarif.com\/nl\/solarif-certified-investeerders\/\"><strong>Solarif-Certified<\/strong><\/a>. Dit betekent dat hun productielocatie voldoet aan onze strenge kwaliteitsnormen en dat hun gecertificeerde zonnepanelen in aanmerking komen voor onze <a href=\"https:\/\/solarif.com\/nl\/eigen-gebrek-dekking\/\"><strong>Eigen gebrek<\/strong><\/a> tegen een exclusieve korting.<\/p>\n<p>Op onze speciale overzichtspagina vind je een complete lijst van Solarif-Certified fabrikanten, inclusief details over de goedgekeurde fabriek en de gecertificeerde paneeltypes.<\/p>\n                        \n                                                                            <div class=\"btn-group\">\n                           \t\t\t\t\t\t\t\t<a href=\"https:\/\/solarif.com\/nl\/zonnepaneelfabrikanten\/\"\n\t\t\t\t\t\t\t\t   class=\"btn btn-primary\"\n\t\t\t\t\t\t\t\t   >\n\t\t\t\t\t\t\t\t   Bekijk de volledige lijst van Solarif-Certified fabrikanten!\t\t\t\t\t\t\t\t<\/a>\n\t\t\t\t\t\t\t                            <\/div>\n                                            <\/div>\n                            <\/div>\n            <\/div>\n<\/section>\n\n\n\n<section class=\"text-media default bg-soft-orange\">\n    <div class=\"boxed\">\n        <div class=\"media\">\n                            <div class=\"image no-cut\">\n                    <img decoding=\"async\" src=\"https:\/\/solarif.com\/wp-content\/uploads\/2025\/02\/IMG_3380-scaled.jpg\" alt=\"Solarif Risicobeheer - Reikwijdte 12 inspectie\">\n                <\/div>\n                                <\/div>\n                    <div class=\"content\">\n                                    <div class=\"item\">\n                                                                            <h2 class=\"\">Waarom kiezen voor Solarif Risk Management?<\/h2>\n                        \n                                                    <p>Bij Solarif Risk Management draait het om \u00e9\u00e9n ding: zorgen dat jouw zonnepaneelproject veilig, betrouwbaar \u00e9n toekomstbestendig is.<\/p>\n<p>We helpen je risico\u2019s vroegtijdig te signaleren, te analyseren en te beperken \u2013 zodat problemen geen kans krijgen en je installatie blijft presteren zoals bedoeld.<\/p>\n<p>Met onze onafhankelijke kwaliteitsborging investeer je in zekerheid \u00e9n rendement.<\/p>\n                        \n                                                                            <div class=\"btn-group\">\n                           \t\t\t\t\t\t\t\t<a href=\"https:\/\/solarif.com\/nl\/contact\/\"\n\t\t\t\t\t\t\t\t   class=\"btn btn-primary\"\n\t\t\t\t\t\t\t\t   >\n\t\t\t\t\t\t\t\t   Ga aan de slag met Solarif Risk Management!\t\t\t\t\t\t\t\t<\/a>\n\t\t\t\t\t\t\t                            <\/div>\n                                            <\/div>\n                            <\/div>\n            <\/div>\n<\/section>\n\n\n\n<section class=\"text-media flipped bg-default\">\n    <div class=\"boxed\">\n        <div class=\"media\">\n                            <div class=\"image no-cut\">\n                    <img decoding=\"async\" src=\"https:\/\/solarif.com\/wp-content\/uploads\/2025\/01\/IMG_3525-scaled.jpg\" alt=\"Solarif Risicobeheer - Scope 12 Team\">\n                <\/div>\n                                <\/div>\n                    <div class=\"content\">\n                                    <div class=\"item\">\n                                                                            <h2 class=\"\">Wat onze klanten over ons zeggen!<\/h2>\n                        \n                                                    <p><strong>Solisplan<\/strong><br \/>\n<span style=\"font-weight: 400\">Door de kennis en kunde van Solarif kunnen wij onze klanten voorzien van een inspectie voor de gehele zonnestroominstallatie (Scope 12) \u00e9n advies geven over de juiste verzekeringen. Dit is een goede toevoeging om onze kwaliteit te waarborgen.<\/span><\/p>\n<p><strong>Solarpartners<\/strong><br \/>\n<span style=\"font-weight: 400\">We werken al jaren tot volle tevredenheid samen met Solarif op het gebied van verzekeringen. We zijn verheugd dat ze het servicepakket hebben uitgebreid met Scope 12 inspecties, zodat we in de fase van nazorg en O&amp;M maar \u00e9\u00e9n aanspreekpunt hebben.<\/span><\/p>\n                        \n                                                                    <\/div>\n                            <\/div>\n            <\/div>\n<\/section>\n\n\n\n<section class=\"text-media default bg-default\">\n    <div class=\"boxed\">\n        <div class=\"media\">\n                            <div class=\"image no-cut\">\n                    <img decoding=\"async\" src=\"https:\/\/solarif.com\/wp-content\/uploads\/2025\/03\/IMG_9541-scaled-e1742926432715.jpg\" alt=\"Solarif Risicobeheer - Reikwijdte 12 Inspectie - Drijvende zonne-energie\">\n                <\/div>\n                                <\/div>\n                    <div class=\"content\">\n                                    <div class=\"item\">\n                                                                            <h2 class=\"\">De Scope 12 Musts!<\/h2>\n                        \n                                                    <p>Onze gecertificeerde inspecteurs voeren een gedetailleerde inspectie uit die cruciale veiligheidsaspecten van jouw PV-installatie waarborgt. Of het nu gaat om de juiste plaatsing van ballast volgens het ballastplan, het voorkomen van spanningsverlies door correcte instellingen van de omvormer, of het zorgvuldig scheiden en beveiligen van DC-kabels: elk detail telt.<\/p>\n<p>Ontdek de 12 essenti\u00eble aandachtspunten voor een veilige en verzekerbare PV-installatie. Door deze punten de juiste aandacht te geven, vergroot je aanzienlijk de kans op inspectie-uitkomst zonder constateringen, en minimaliseer je daarmee het risico op afkeur.<\/p>\n<p>Download nu het document \"De Scope 12 Musts!\" en zorg ervoor dat jouw PV-installatie voldoet aan de hoogte veiligheidsnormen.<\/p>\n                        \n                                                                            <div class=\"btn-group\">\n                           \t\t\t\t\t\t\t\t<a href=\"#scope-12-musts-download\"\n\t\t\t\t\t\t\t\t   class=\"btn btn-primary\"\n\t\t\t\t\t\t\t\t   >\n\t\t\t\t\t\t\t\t   Download \u201cDe Scope 12 Musts!\u201d\t\t\t\t\t\t\t\t<\/a>\n\t\t\t\t\t\t\t                            <\/div>\n                                            <\/div>\n                            <\/div>\n            <\/div>\n<\/section>\n\n\n\n<section class=\"text-media flipped bg-default\">\n    <div class=\"boxed\">\n        <div class=\"media\">\n                            <div class=\"image default\">\n                    <img decoding=\"async\" src=\"https:\/\/solarif.com\/wp-content\/uploads\/2025\/01\/IMG_20200308_162331-scaled-e1737190573167.jpg\" alt=\"Harry&#039;s Caf\u00e9 de Wheels, Sydney, Australi\u00eb\">\n                <\/div>\n                                <\/div>\n                    <div class=\"content\">\n                                    <div class=\"item\">\n                                                                            <h2 class=\"\">Zin in een kop koffie?<\/h2>\n                        \n                                                    <p>Heb je behoefte aan deskundig advies om jouw zonne-energieproject, duurzame energieproject of bedrijf beter te beschermen tegen financi\u00eble risico\u2019s? Of twijfel je of je huidige verzekeringspartner nog wel bij je past?<\/p>\n<p>Laten we samen een kop koffie drinken en ontdekken hoe we jouw plannen het beste kunnen ondersteunen - met oplossingen op maat en advies waar je \u00e9cht iets aan hebt.<\/p>\n<p>Jouw toekomst verdient zekerheid. Wij helpen je op weg.<\/p>\n                        \n                                                                            <div class=\"btn-group\">\n                           \t\t\t\t\t\t\t\t<a href=\"https:\/\/solarif.com\/nl\/contact\/\"\n\t\t\t\t\t\t\t\t   class=\"btn btn-primary\"\n\t\t\t\t\t\t\t\t   >\n\t\t\t\t\t\t\t\t   Maak een afspraak voor een kop koffie!\t\t\t\t\t\t\t\t<\/a>\n\t\t\t\t\t\t\t                            <\/div>\n                                            <\/div>\n                            <\/div>\n            <\/div>\n<\/section>\n\n\n\n<section class=\"cta bg-default\">\n    <div class=\"boxed\">\n        <h2>\n            Blijf op de hoogte met Solarif!        <\/h2>\n        <div class=\"content\">\n            <p><span style=\"font-weight: 400;\">Wil je op de hoogte blijven van de laatste ontwikkelingen rondom zonnepanelen, inspecties en verzekeringen voor hernieuwbare energie?<\/span><\/p>\n<p>Ontvang updates, het laatste nieuws en tips!<\/p>\n<p><a href=\"#newsletter-signup\"><strong>Schrijf je in voor onze Nieuwsbrief<\/strong><\/a><\/p>\n<p><a href=\"https:\/\/www.linkedin.com\/company\/475198\/admin\/dashboard\/\" target=\"_blank\" rel=\"noopener\"><strong>Volg ons op LinkedIn<\/strong><\/a><\/p>\n        <\/div>\n                    <\/div>\n<\/section>","protected":false},"excerpt":{"rendered":"","protected":false},"author":1,"featured_media":0,"parent":0,"menu_order":0,"comment_status":"closed","ping_status":"closed","template":"","meta":{"_acf_changed":false,"_improvement_type_select":"improve_an_existing","_thumb_yes_seoaic":false,"_frame_yes_seoaic":false,"seoaic_generate_description":"","seoaic_improve_instructions_prompt":"","seoaic_rollback_content_improvement":"","seoaic_idea_thumbnail_generator":"","thumbnail_generated":false,"thumbnail_generate_prompt":"","seoaic_article_description":"","footnotes":""},"class_list":["post-679","page","type-page","status-publish"],"acf":[],"_links":{"self":[{"href":"https:\/\/solarif.com\/nl\/wp-json\/wp\/v2\/pages\/679","targetHints":{"allow":["GET"]}}],"collection":[{"href":"https:\/\/solarif.com\/nl\/wp-json\/wp\/v2\/pages"}],"about":[{"href":"https:\/\/solarif.com\/nl\/wp-json\/wp\/v2\/types\/page"}],"author":[{"embeddable":true,"href":"https:\/\/solarif.com\/nl\/wp-json\/wp\/v2\/users\/1"}],"replies":[{"embeddable":true,"href":"https:\/\/solarif.com\/nl\/wp-json\/wp\/v2\/comments?post=679"}],"version-history":[{"count":93,"href":"https:\/\/solarif.com\/nl\/wp-json\/wp\/v2\/pages\/679\/revisions"}],"predecessor-version":[{"id":11192,"href":"https:\/\/solarif.com\/nl\/wp-json\/wp\/v2\/pages\/679\/revisions\/11192"}],"wp:attachment":[{"href":"https:\/\/solarif.com\/nl\/wp-json\/wp\/v2\/media?parent=679"}],"curies":[{"name":"wp","href":"https:\/\/api.w.org\/{rel}","templated":true}]}}